{"id":298475,"date":"2026-01-16T14:15:19","date_gmt":"2026-01-16T12:15:19","guid":{"rendered":"https:\/\/emmaandtheo.ee\/product\/cream-luxury-trousers\/"},"modified":"2026-04-26T14:15:29","modified_gmt":"2026-04-26T11:15:29","slug":"cream-luxury-trousers","status":"publish","type":"product","link":"https:\/\/emmaandtheo.ee\/en\/product\/cream-luxury-trousers\/","title":{"rendered":"Cream Luxury Trousers"},"content":{"rendered":"<p>Luksuslikust kangast elegantsed p\u00fcksid. P\u00fckstel on v\u00f6\u00f6koht mugava kummiga ja venib m\u00f5nusasti vastavalt kandja kehakujule. \u00dcleskeeratud p\u00fcksis\u00e4\u00e4red saad soovi korral alla tagasi keerata ja nii p\u00fckse pikendada. K\u00fclgedel kaks suurt taskut. Pehme ja veniv kangas teeb kandmise mugavaks. Hooldus: masinpesu. Modell on 173cm pikk ja kannab p\u00fckse nr 36.<\/p>\n","protected":false},"excerpt":{"rendered":"<p>Fabric: 75% nylon; 25% spandex. Designed and made in Estonia.<\/p>\n","protected":false},"featured_media":298457,"template":"","meta":[],"product_brand":[],"product_cat":[688],"product_tag":[],"class_list":{"0":"post-298475","1":"product","2":"type-product","3":"status-publish","4":"has-post-thumbnail","6":"product_cat-womens-trousers","8":"first","9":"instock","10":"taxable","11":"shipping-taxable","12":"purchasable","13":"product-type-variable"},"yoast_head":"<!-- This site is optimized with the Yoast SEO plugin v27.3 - https:\/\/yoast.com\/product\/yoast-seo-wordpress\/ -->\n<title>Cream Luxury Trousers - Emma and Theo O\u00dc<\/title>\n<meta name=\"robots\" content=\"index, follow, max-snippet:-1, max-image-preview:large, max-video-preview:-1\" \/>\n<link rel=\"canonical\" href=\"https:\/\/emmaandtheo.ee\/en\/product\/cream-luxury-trousers\/\" \/>\n<meta property=\"og:locale\" content=\"en_US\" \/>\n<meta property=\"og:type\" content=\"article\" \/>\n<meta property=\"og:title\" content=\"Cream Luxury Trousers - Emma and Theo O\u00dc\" \/>\n<meta property=\"og:description\" content=\"Fabric: 75% nylon; 25% spandex. Designed and made in Estonia.\" \/>\n<meta property=\"og:url\" content=\"https:\/\/emmaandtheo.ee\/en\/product\/cream-luxury-trousers\/\" \/>\n<meta property=\"og:site_name\" content=\"Emma and Theo O\u00dc\" \/>\n<meta property=\"article:publisher\" content=\"https:\/\/www.facebook.com\/emmaandtheo\" \/>\n<meta property=\"article:modified_time\" content=\"2026-04-26T11:15:29+00:00\" \/>\n<meta property=\"og:image\" content=\"https:\/\/emmaandtheo.ee\/wp-content\/uploads\/2026\/01\/7712-7722-Emma-and-Theo-naiste-kreemikad-pueksid-ja-valge-pluus.png\" \/>\n\t<meta property=\"og:image:width\" content=\"1792\" \/>\n\t<meta property=\"og:image:height\" content=\"2400\" \/>\n\t<meta property=\"og:image:type\" content=\"image\/png\" \/>\n<meta name=\"twitter:card\" content=\"summary_large_image\" \/>\n<meta name=\"twitter:label1\" content=\"Availability\" \/>\n\t<meta name=\"twitter:data1\" content=\"In stock\" \/>\n<script type=\"application\/ld+json\" class=\"yoast-schema-graph\">{\"@context\":\"https:\\\/\\\/schema.org\",\"@graph\":[{\"@type\":\"WebPage\",\"@id\":\"https:\\\/\\\/emmaandtheo.ee\\\/en\\\/product\\\/cream-luxury-trousers\\\/\",\"url\":\"https:\\\/\\\/emmaandtheo.ee\\\/en\\\/product\\\/cream-luxury-trousers\\\/\",\"name\":\"Cream Luxury Trousers - Emma and Theo O\u00dc\",\"isPartOf\":{\"@id\":\"https:\\\/\\\/emmaandtheo.ee\\\/en\\\/#website\"},\"primaryImageOfPage\":{\"@id\":\"https:\\\/\\\/emmaandtheo.ee\\\/en\\\/product\\\/cream-luxury-trousers\\\/#primaryimage\"},\"image\":{\"@id\":\"https:\\\/\\\/emmaandtheo.ee\\\/en\\\/product\\\/cream-luxury-trousers\\\/#primaryimage\"},\"thumbnailUrl\":\"https:\\\/\\\/emmaandtheo.ee\\\/wp-content\\\/uploads\\\/2026\\\/01\\\/7712-7722-Emma-and-Theo-naiste-kreemikad-pueksid-ja-valge-pluus-2.jpg\",\"datePublished\":\"2026-01-16T12:15:19+00:00\",\"dateModified\":\"2026-04-26T11:15:29+00:00\",\"breadcrumb\":{\"@id\":\"https:\\\/\\\/emmaandtheo.ee\\\/en\\\/product\\\/cream-luxury-trousers\\\/#breadcrumb\"},\"inLanguage\":\"en-US\",\"potentialAction\":[{\"@type\":\"ReadAction\",\"target\":[\"https:\\\/\\\/emmaandtheo.ee\\\/en\\\/product\\\/cream-luxury-trousers\\\/\"]}]},{\"@type\":\"ImageObject\",\"inLanguage\":\"en-US\",\"@id\":\"https:\\\/\\\/emmaandtheo.ee\\\/en\\\/product\\\/cream-luxury-trousers\\\/#primaryimage\",\"url\":\"https:\\\/\\\/emmaandtheo.ee\\\/wp-content\\\/uploads\\\/2026\\\/01\\\/7712-7722-Emma-and-Theo-naiste-kreemikad-pueksid-ja-valge-pluus-2.jpg\",\"contentUrl\":\"https:\\\/\\\/emmaandtheo.ee\\\/wp-content\\\/uploads\\\/2026\\\/01\\\/7712-7722-Emma-and-Theo-naiste-kreemikad-pueksid-ja-valge-pluus-2.jpg\",\"width\":1792,\"height\":2400},{\"@type\":\"BreadcrumbList\",\"@id\":\"https:\\\/\\\/emmaandtheo.ee\\\/en\\\/product\\\/cream-luxury-trousers\\\/#breadcrumb\",\"itemListElement\":[{\"@type\":\"ListItem\",\"position\":1,\"name\":\"Home\",\"item\":\"https:\\\/\\\/emmaandtheo.ee\\\/en\\\/\"},{\"@type\":\"ListItem\",\"position\":2,\"name\":\"Shop\",\"item\":\"https:\\\/\\\/emmaandtheo.ee\\\/en\\\/shop\\\/\"},{\"@type\":\"ListItem\",\"position\":3,\"name\":\"Cream Luxury Trousers\"}]},{\"@type\":\"WebSite\",\"@id\":\"https:\\\/\\\/emmaandtheo.ee\\\/en\\\/#website\",\"url\":\"https:\\\/\\\/emmaandtheo.ee\\\/en\\\/\",\"name\":\"Emma and Theo O\u00dc\",\"description\":\"We design and make clothes for children and women\",\"publisher\":{\"@id\":\"https:\\\/\\\/emmaandtheo.ee\\\/en\\\/#organization\"},\"potentialAction\":[{\"@type\":\"SearchAction\",\"target\":{\"@type\":\"EntryPoint\",\"urlTemplate\":\"https:\\\/\\\/emmaandtheo.ee\\\/en\\\/?s={search_term_string}\"},\"query-input\":{\"@type\":\"PropertyValueSpecification\",\"valueRequired\":true,\"valueName\":\"search_term_string\"}}],\"inLanguage\":\"en-US\"},{\"@type\":\"Organization\",\"@id\":\"https:\\\/\\\/emmaandtheo.ee\\\/en\\\/#organization\",\"name\":\"Emma and Theo O\u00dc\",\"url\":\"https:\\\/\\\/emmaandtheo.ee\\\/en\\\/\",\"logo\":{\"@type\":\"ImageObject\",\"inLanguage\":\"en-US\",\"@id\":\"https:\\\/\\\/emmaandtheo.ee\\\/en\\\/#\\\/schema\\\/logo\\\/image\\\/\",\"url\":\"https:\\\/\\\/emmaandtheo.ee\\\/wp-content\\\/uploads\\\/2025\\\/12\\\/Emma-and-Theo-LOGO.jpg\",\"contentUrl\":\"https:\\\/\\\/emmaandtheo.ee\\\/wp-content\\\/uploads\\\/2025\\\/12\\\/Emma-and-Theo-LOGO.jpg\",\"width\":650,\"height\":150,\"caption\":\"Emma and Theo O\u00dc\"},\"image\":{\"@id\":\"https:\\\/\\\/emmaandtheo.ee\\\/en\\\/#\\\/schema\\\/logo\\\/image\\\/\"},\"sameAs\":[\"https:\\\/\\\/www.facebook.com\\\/emmaandtheo\",\"https:\\\/\\\/www.instagram.com\\\/emmaandtheo_\"]}]}<\/script>\n<meta property=\"og:availability\" content=\"instock\" \/>\n<meta property=\"product:availability\" content=\"instock\" \/>\n<meta property=\"product:retailer_item_id\" content=\"7712\" \/>\n<meta property=\"product:condition\" content=\"new\" \/>\n<!-- \/ Yoast SEO plugin. -->","yoast_head_json":{"title":"Cream Luxury Trousers - Emma and Theo O\u00dc","robots":{"index":"index","follow":"follow","max-snippet":"max-snippet:-1","max-image-preview":"max-image-preview:large","max-video-preview":"max-video-preview:-1"},"canonical":"https:\/\/emmaandtheo.ee\/en\/product\/cream-luxury-trousers\/","og_locale":"en_US","og_type":"article","og_title":"Cream Luxury Trousers - Emma and Theo O\u00dc","og_description":"Fabric: 75% nylon; 25% spandex. Designed and made in Estonia.","og_url":"https:\/\/emmaandtheo.ee\/en\/product\/cream-luxury-trousers\/","og_site_name":"Emma and Theo O\u00dc","article_publisher":"https:\/\/www.facebook.com\/emmaandtheo","article_modified_time":"2026-04-26T11:15:29+00:00","og_image":[{"url":"https:\/\/emmaandtheo.ee\/wp-content\/uploads\/2026\/01\/7712-7722-Emma-and-Theo-naiste-kreemikad-pueksid-ja-valge-pluus.png","width":1792,"height":2400,"type":"image\/png"}],"twitter_card":"summary_large_image","twitter_misc":{"Availability":"In stock"},"schema":{"@context":"https:\/\/schema.org","@graph":[{"@type":"WebPage","@id":"https:\/\/emmaandtheo.ee\/en\/product\/cream-luxury-trousers\/","url":"https:\/\/emmaandtheo.ee\/en\/product\/cream-luxury-trousers\/","name":"Cream Luxury Trousers - Emma and Theo O\u00dc","isPartOf":{"@id":"https:\/\/emmaandtheo.ee\/en\/#website"},"primaryImageOfPage":{"@id":"https:\/\/emmaandtheo.ee\/en\/product\/cream-luxury-trousers\/#primaryimage"},"image":{"@id":"https:\/\/emmaandtheo.ee\/en\/product\/cream-luxury-trousers\/#primaryimage"},"thumbnailUrl":"https:\/\/emmaandtheo.ee\/wp-content\/uploads\/2026\/01\/7712-7722-Emma-and-Theo-naiste-kreemikad-pueksid-ja-valge-pluus-2.jpg","datePublished":"2026-01-16T12:15:19+00:00","dateModified":"2026-04-26T11:15:29+00:00","breadcrumb":{"@id":"https:\/\/emmaandtheo.ee\/en\/product\/cream-luxury-trousers\/#breadcrumb"},"inLanguage":"en-US","potentialAction":[{"@type":"ReadAction","target":["https:\/\/emmaandtheo.ee\/en\/product\/cream-luxury-trousers\/"]}]},{"@type":"ImageObject","inLanguage":"en-US","@id":"https:\/\/emmaandtheo.ee\/en\/product\/cream-luxury-trousers\/#primaryimage","url":"https:\/\/emmaandtheo.ee\/wp-content\/uploads\/2026\/01\/7712-7722-Emma-and-Theo-naiste-kreemikad-pueksid-ja-valge-pluus-2.jpg","contentUrl":"https:\/\/emmaandtheo.ee\/wp-content\/uploads\/2026\/01\/7712-7722-Emma-and-Theo-naiste-kreemikad-pueksid-ja-valge-pluus-2.jpg","width":1792,"height":2400},{"@type":"BreadcrumbList","@id":"https:\/\/emmaandtheo.ee\/en\/product\/cream-luxury-trousers\/#breadcrumb","itemListElement":[{"@type":"ListItem","position":1,"name":"Home","item":"https:\/\/emmaandtheo.ee\/en\/"},{"@type":"ListItem","position":2,"name":"Shop","item":"https:\/\/emmaandtheo.ee\/en\/shop\/"},{"@type":"ListItem","position":3,"name":"Cream Luxury Trousers"}]},{"@type":"WebSite","@id":"https:\/\/emmaandtheo.ee\/en\/#website","url":"https:\/\/emmaandtheo.ee\/en\/","name":"Emma and Theo O\u00dc","description":"We design and make clothes for children and women","publisher":{"@id":"https:\/\/emmaandtheo.ee\/en\/#organization"},"potentialAction":[{"@type":"SearchAction","target":{"@type":"EntryPoint","urlTemplate":"https:\/\/emmaandtheo.ee\/en\/?s={search_term_string}"},"query-input":{"@type":"PropertyValueSpecification","valueRequired":true,"valueName":"search_term_string"}}],"inLanguage":"en-US"},{"@type":"Organization","@id":"https:\/\/emmaandtheo.ee\/en\/#organization","name":"Emma and Theo O\u00dc","url":"https:\/\/emmaandtheo.ee\/en\/","logo":{"@type":"ImageObject","inLanguage":"en-US","@id":"https:\/\/emmaandtheo.ee\/en\/#\/schema\/logo\/image\/","url":"https:\/\/emmaandtheo.ee\/wp-content\/uploads\/2025\/12\/Emma-and-Theo-LOGO.jpg","contentUrl":"https:\/\/emmaandtheo.ee\/wp-content\/uploads\/2025\/12\/Emma-and-Theo-LOGO.jpg","width":650,"height":150,"caption":"Emma and Theo O\u00dc"},"image":{"@id":"https:\/\/emmaandtheo.ee\/en\/#\/schema\/logo\/image\/"},"sameAs":["https:\/\/www.facebook.com\/emmaandtheo","https:\/\/www.instagram.com\/emmaandtheo_"]}]},"og_availability":"instock","product_availability":"instock","product_retailer_item_id":"7712","product_condition":"new"},"_links":{"self":[{"href":"https:\/\/emmaandtheo.ee\/en\/wp-json\/wp\/v2\/product\/298475","targetHints":{"allow":["GET"]}}],"collection":[{"href":"https:\/\/emmaandtheo.ee\/en\/wp-json\/wp\/v2\/product"}],"about":[{"href":"https:\/\/emmaandtheo.ee\/en\/wp-json\/wp\/v2\/types\/product"}],"version-history":[{"count":1,"href":"https:\/\/emmaandtheo.ee\/en\/wp-json\/wp\/v2\/product\/298475\/revisions"}],"predecessor-version":[{"id":298476,"href":"https:\/\/emmaandtheo.ee\/en\/wp-json\/wp\/v2\/product\/298475\/revisions\/298476"}],"wp:featuredmedia":[{"embeddable":true,"href":"https:\/\/emmaandtheo.ee\/en\/wp-json\/wp\/v2\/media\/298457"}],"wp:attachment":[{"href":"https:\/\/emmaandtheo.ee\/en\/wp-json\/wp\/v2\/media?parent=298475"}],"wp:term":[{"taxonomy":"product_brand","embeddable":true,"href":"https:\/\/emmaandtheo.ee\/en\/wp-json\/wp\/v2\/product_brand?post=298475"},{"taxonomy":"product_cat","embeddable":true,"href":"https:\/\/emmaandtheo.ee\/en\/wp-json\/wp\/v2\/product_cat?post=298475"},{"taxonomy":"product_tag","embeddable":true,"href":"https:\/\/emmaandtheo.ee\/en\/wp-json\/wp\/v2\/product_tag?post=298475"}],"curies":[{"name":"wp","href":"https:\/\/api.w.org\/{rel}","templated":true}]}}