{"id":224698,"date":"2024-08-22T05:10:20","date_gmt":"2024-08-22T02:10:20","guid":{"rendered":"https:\/\/emmaandtheo.ee\/product\/green-floral-dress\/"},"modified":"2026-05-06T14:25:31","modified_gmt":"2026-05-06T11:25:31","slug":"green-floral-dress-2","status":"publish","type":"product","link":"https:\/\/emmaandtheo.ee\/en\/product\/green-floral-dress-2\/","title":{"rendered":"Green Floral Dress"},"content":{"rendered":"<p>Pikkade varrukatega pusakleit. Varrukad saad algul otsast \u00fcles keerata, et kleiti pikemalt kanda. Tasku. Hooldus: masinpesu. Kleit on valmistatud kangast, millel on OEKO-TEX\u00ae 100 ja GOTS sertifikaat. OEKO-TEX\u00ae 100 sertifikaat t\u00e4hendab, et kangaid on testitud kahjulike ainete suhtes ja need on inimese tervisele kahjutud. GOTS sertifikaat l\u00e4heb veel sammu edasi, tagades, et kangaste tooraine kasvatatakse \u00f6koloogiliselt puhtalt ja kogu tootmisprotsess toimub k\u00f5rgeid sotsiaalseid kriteeriume j\u00e4rgides ning keskkonda s\u00e4\u00e4stvalt.<\/p>\n","protected":false},"excerpt":{"rendered":"<p>Fabric: 95% cotton; 5% elastane (GOTS).<br \/>\nDesigned and made in Estonia.<\/p>\n","protected":false},"featured_media":186719,"template":"","meta":[],"product_brand":[],"product_cat":[630],"product_tag":[],"class_list":{"0":"post-224698","1":"product","2":"type-product","3":"status-publish","4":"has-post-thumbnail","6":"product_cat-girls-dresses","8":"first","9":"outofstock","10":"taxable","11":"shipping-taxable","12":"product-type-variable"},"yoast_head":"<!-- This site is optimized with the Yoast SEO plugin v27.5 - https:\/\/yoast.com\/product\/yoast-seo-wordpress\/ -->\n<title>Green Floral Dress - Emma and Theo O\u00dc<\/title>\n<meta name=\"robots\" content=\"index, follow, max-snippet:-1, max-image-preview:large, max-video-preview:-1\" \/>\n<link rel=\"canonical\" href=\"https:\/\/emmaandtheo.ee\/en\/product\/green-floral-dress-2\/\" \/>\n<meta property=\"og:locale\" content=\"en_US\" \/>\n<meta property=\"og:type\" content=\"article\" \/>\n<meta property=\"og:title\" content=\"Green Floral Dress - Emma and Theo O\u00dc\" \/>\n<meta property=\"og:description\" content=\"Fabric: 95% cotton; 5% elastane (GOTS). Designed and made in Estonia.\" \/>\n<meta property=\"og:url\" content=\"https:\/\/emmaandtheo.ee\/en\/product\/green-floral-dress-2\/\" \/>\n<meta property=\"og:site_name\" content=\"Emma and Theo O\u00dc\" \/>\n<meta property=\"article:publisher\" content=\"https:\/\/www.facebook.com\/emmaandtheo\" \/>\n<meta property=\"article:modified_time\" content=\"2026-05-06T11:25:31+00:00\" \/>\n<meta property=\"og:image\" content=\"https:\/\/emmaandtheo.ee\/wp-content\/uploads\/2024\/05\/2271R-heleroheline-pusakleit-lilledega-14-scaled.jpg\" \/>\n\t<meta property=\"og:image:width\" content=\"1920\" \/>\n\t<meta property=\"og:image:height\" content=\"2560\" \/>\n\t<meta property=\"og:image:type\" content=\"image\/jpeg\" \/>\n<meta name=\"twitter:card\" content=\"summary_large_image\" \/>\n<meta name=\"twitter:label1\" content=\"Availability\" \/>\n\t<meta name=\"twitter:data1\" content=\"Out of stock\" \/>\n<script type=\"application\/ld+json\" class=\"yoast-schema-graph\">{\"@context\":\"https:\\\/\\\/schema.org\",\"@graph\":[{\"@type\":\"WebPage\",\"@id\":\"https:\\\/\\\/emmaandtheo.ee\\\/en\\\/product\\\/green-floral-dress-2\\\/\",\"url\":\"https:\\\/\\\/emmaandtheo.ee\\\/en\\\/product\\\/green-floral-dress-2\\\/\",\"name\":\"Green Floral Dress - Emma and Theo O\u00dc\",\"isPartOf\":{\"@id\":\"https:\\\/\\\/emmaandtheo.ee\\\/en\\\/#website\"},\"primaryImageOfPage\":{\"@id\":\"https:\\\/\\\/emmaandtheo.ee\\\/en\\\/product\\\/green-floral-dress-2\\\/#primaryimage\"},\"image\":{\"@id\":\"https:\\\/\\\/emmaandtheo.ee\\\/en\\\/product\\\/green-floral-dress-2\\\/#primaryimage\"},\"thumbnailUrl\":\"https:\\\/\\\/emmaandtheo.ee\\\/wp-content\\\/uploads\\\/2024\\\/05\\\/2271R-heleroheline-pusakleit-lilledega-14-scaled.jpg\",\"datePublished\":\"2024-08-22T02:10:20+00:00\",\"dateModified\":\"2026-05-06T11:25:31+00:00\",\"breadcrumb\":{\"@id\":\"https:\\\/\\\/emmaandtheo.ee\\\/en\\\/product\\\/green-floral-dress-2\\\/#breadcrumb\"},\"inLanguage\":\"en-US\",\"potentialAction\":[{\"@type\":\"ReadAction\",\"target\":[\"https:\\\/\\\/emmaandtheo.ee\\\/en\\\/product\\\/green-floral-dress-2\\\/\"]}]},{\"@type\":\"ImageObject\",\"inLanguage\":\"en-US\",\"@id\":\"https:\\\/\\\/emmaandtheo.ee\\\/en\\\/product\\\/green-floral-dress-2\\\/#primaryimage\",\"url\":\"https:\\\/\\\/emmaandtheo.ee\\\/wp-content\\\/uploads\\\/2024\\\/05\\\/2271R-heleroheline-pusakleit-lilledega-14-scaled.jpg\",\"contentUrl\":\"https:\\\/\\\/emmaandtheo.ee\\\/wp-content\\\/uploads\\\/2024\\\/05\\\/2271R-heleroheline-pusakleit-lilledega-14-scaled.jpg\",\"width\":1920,\"height\":2560},{\"@type\":\"BreadcrumbList\",\"@id\":\"https:\\\/\\\/emmaandtheo.ee\\\/en\\\/product\\\/green-floral-dress-2\\\/#breadcrumb\",\"itemListElement\":[{\"@type\":\"ListItem\",\"position\":1,\"name\":\"Home\",\"item\":\"https:\\\/\\\/emmaandtheo.ee\\\/en\\\/\"},{\"@type\":\"ListItem\",\"position\":2,\"name\":\"Shop\",\"item\":\"https:\\\/\\\/emmaandtheo.ee\\\/en\\\/shop\\\/\"},{\"@type\":\"ListItem\",\"position\":3,\"name\":\"Green Floral Dress\"}]},{\"@type\":\"WebSite\",\"@id\":\"https:\\\/\\\/emmaandtheo.ee\\\/en\\\/#website\",\"url\":\"https:\\\/\\\/emmaandtheo.ee\\\/en\\\/\",\"name\":\"Emma and Theo O\u00dc\",\"description\":\"We design and make clothes for children and women\",\"publisher\":{\"@id\":\"https:\\\/\\\/emmaandtheo.ee\\\/en\\\/#organization\"},\"potentialAction\":[{\"@type\":\"SearchAction\",\"target\":{\"@type\":\"EntryPoint\",\"urlTemplate\":\"https:\\\/\\\/emmaandtheo.ee\\\/en\\\/?s={search_term_string}\"},\"query-input\":{\"@type\":\"PropertyValueSpecification\",\"valueRequired\":true,\"valueName\":\"search_term_string\"}}],\"inLanguage\":\"en-US\"},{\"@type\":\"Organization\",\"@id\":\"https:\\\/\\\/emmaandtheo.ee\\\/en\\\/#organization\",\"name\":\"Emma and Theo O\u00dc\",\"url\":\"https:\\\/\\\/emmaandtheo.ee\\\/en\\\/\",\"logo\":{\"@type\":\"ImageObject\",\"inLanguage\":\"en-US\",\"@id\":\"https:\\\/\\\/emmaandtheo.ee\\\/en\\\/#\\\/schema\\\/logo\\\/image\\\/\",\"url\":\"https:\\\/\\\/emmaandtheo.ee\\\/wp-content\\\/uploads\\\/2025\\\/12\\\/Emma-and-Theo-LOGO.jpg\",\"contentUrl\":\"https:\\\/\\\/emmaandtheo.ee\\\/wp-content\\\/uploads\\\/2025\\\/12\\\/Emma-and-Theo-LOGO.jpg\",\"width\":650,\"height\":150,\"caption\":\"Emma and Theo O\u00dc\"},\"image\":{\"@id\":\"https:\\\/\\\/emmaandtheo.ee\\\/en\\\/#\\\/schema\\\/logo\\\/image\\\/\"},\"sameAs\":[\"https:\\\/\\\/www.facebook.com\\\/emmaandtheo\",\"https:\\\/\\\/www.instagram.com\\\/emmaandtheo_\"]}]}<\/script>\n<meta property=\"og:availability\" content=\"out of stock\" \/>\n<meta property=\"product:availability\" content=\"out of stock\" \/>\n<meta property=\"product:retailer_item_id\" content=\"2271\" \/>\n<meta property=\"product:condition\" content=\"new\" \/>\n<!-- \/ Yoast SEO plugin. -->","yoast_head_json":{"title":"Green Floral Dress - Emma and Theo O\u00dc","robots":{"index":"index","follow":"follow","max-snippet":"max-snippet:-1","max-image-preview":"max-image-preview:large","max-video-preview":"max-video-preview:-1"},"canonical":"https:\/\/emmaandtheo.ee\/en\/product\/green-floral-dress-2\/","og_locale":"en_US","og_type":"article","og_title":"Green Floral Dress - Emma and Theo O\u00dc","og_description":"Fabric: 95% cotton; 5% elastane (GOTS). Designed and made in Estonia.","og_url":"https:\/\/emmaandtheo.ee\/en\/product\/green-floral-dress-2\/","og_site_name":"Emma and Theo O\u00dc","article_publisher":"https:\/\/www.facebook.com\/emmaandtheo","article_modified_time":"2026-05-06T11:25:31+00:00","og_image":[{"width":1920,"height":2560,"url":"https:\/\/emmaandtheo.ee\/wp-content\/uploads\/2024\/05\/2271R-heleroheline-pusakleit-lilledega-14-scaled.jpg","type":"image\/jpeg"}],"twitter_card":"summary_large_image","twitter_misc":{"Availability":"Out of stock"},"schema":{"@context":"https:\/\/schema.org","@graph":[{"@type":"WebPage","@id":"https:\/\/emmaandtheo.ee\/en\/product\/green-floral-dress-2\/","url":"https:\/\/emmaandtheo.ee\/en\/product\/green-floral-dress-2\/","name":"Green Floral Dress - Emma and Theo O\u00dc","isPartOf":{"@id":"https:\/\/emmaandtheo.ee\/en\/#website"},"primaryImageOfPage":{"@id":"https:\/\/emmaandtheo.ee\/en\/product\/green-floral-dress-2\/#primaryimage"},"image":{"@id":"https:\/\/emmaandtheo.ee\/en\/product\/green-floral-dress-2\/#primaryimage"},"thumbnailUrl":"https:\/\/emmaandtheo.ee\/wp-content\/uploads\/2024\/05\/2271R-heleroheline-pusakleit-lilledega-14-scaled.jpg","datePublished":"2024-08-22T02:10:20+00:00","dateModified":"2026-05-06T11:25:31+00:00","breadcrumb":{"@id":"https:\/\/emmaandtheo.ee\/en\/product\/green-floral-dress-2\/#breadcrumb"},"inLanguage":"en-US","potentialAction":[{"@type":"ReadAction","target":["https:\/\/emmaandtheo.ee\/en\/product\/green-floral-dress-2\/"]}]},{"@type":"ImageObject","inLanguage":"en-US","@id":"https:\/\/emmaandtheo.ee\/en\/product\/green-floral-dress-2\/#primaryimage","url":"https:\/\/emmaandtheo.ee\/wp-content\/uploads\/2024\/05\/2271R-heleroheline-pusakleit-lilledega-14-scaled.jpg","contentUrl":"https:\/\/emmaandtheo.ee\/wp-content\/uploads\/2024\/05\/2271R-heleroheline-pusakleit-lilledega-14-scaled.jpg","width":1920,"height":2560},{"@type":"BreadcrumbList","@id":"https:\/\/emmaandtheo.ee\/en\/product\/green-floral-dress-2\/#breadcrumb","itemListElement":[{"@type":"ListItem","position":1,"name":"Home","item":"https:\/\/emmaandtheo.ee\/en\/"},{"@type":"ListItem","position":2,"name":"Shop","item":"https:\/\/emmaandtheo.ee\/en\/shop\/"},{"@type":"ListItem","position":3,"name":"Green Floral Dress"}]},{"@type":"WebSite","@id":"https:\/\/emmaandtheo.ee\/en\/#website","url":"https:\/\/emmaandtheo.ee\/en\/","name":"Emma and Theo O\u00dc","description":"We design and make clothes for children and women","publisher":{"@id":"https:\/\/emmaandtheo.ee\/en\/#organization"},"potentialAction":[{"@type":"SearchAction","target":{"@type":"EntryPoint","urlTemplate":"https:\/\/emmaandtheo.ee\/en\/?s={search_term_string}"},"query-input":{"@type":"PropertyValueSpecification","valueRequired":true,"valueName":"search_term_string"}}],"inLanguage":"en-US"},{"@type":"Organization","@id":"https:\/\/emmaandtheo.ee\/en\/#organization","name":"Emma and Theo O\u00dc","url":"https:\/\/emmaandtheo.ee\/en\/","logo":{"@type":"ImageObject","inLanguage":"en-US","@id":"https:\/\/emmaandtheo.ee\/en\/#\/schema\/logo\/image\/","url":"https:\/\/emmaandtheo.ee\/wp-content\/uploads\/2025\/12\/Emma-and-Theo-LOGO.jpg","contentUrl":"https:\/\/emmaandtheo.ee\/wp-content\/uploads\/2025\/12\/Emma-and-Theo-LOGO.jpg","width":650,"height":150,"caption":"Emma and Theo O\u00dc"},"image":{"@id":"https:\/\/emmaandtheo.ee\/en\/#\/schema\/logo\/image\/"},"sameAs":["https:\/\/www.facebook.com\/emmaandtheo","https:\/\/www.instagram.com\/emmaandtheo_"]}]},"og_availability":"out of stock","product_availability":"out of stock","product_retailer_item_id":"2271","product_condition":"new"},"_links":{"self":[{"href":"https:\/\/emmaandtheo.ee\/en\/wp-json\/wp\/v2\/product\/224698","targetHints":{"allow":["GET"]}}],"collection":[{"href":"https:\/\/emmaandtheo.ee\/en\/wp-json\/wp\/v2\/product"}],"about":[{"href":"https:\/\/emmaandtheo.ee\/en\/wp-json\/wp\/v2\/types\/product"}],"version-history":[{"count":1,"href":"https:\/\/emmaandtheo.ee\/en\/wp-json\/wp\/v2\/product\/224698\/revisions"}],"predecessor-version":[{"id":236854,"href":"https:\/\/emmaandtheo.ee\/en\/wp-json\/wp\/v2\/product\/224698\/revisions\/236854"}],"wp:featuredmedia":[{"embeddable":true,"href":"https:\/\/emmaandtheo.ee\/en\/wp-json\/wp\/v2\/media\/186719"}],"wp:attachment":[{"href":"https:\/\/emmaandtheo.ee\/en\/wp-json\/wp\/v2\/media?parent=224698"}],"wp:term":[{"taxonomy":"product_brand","embeddable":true,"href":"https:\/\/emmaandtheo.ee\/en\/wp-json\/wp\/v2\/product_brand?post=224698"},{"taxonomy":"product_cat","embeddable":true,"href":"https:\/\/emmaandtheo.ee\/en\/wp-json\/wp\/v2\/product_cat?post=224698"},{"taxonomy":"product_tag","embeddable":true,"href":"https:\/\/emmaandtheo.ee\/en\/wp-json\/wp\/v2\/product_tag?post=224698"}],"curies":[{"name":"wp","href":"https:\/\/api.w.org\/{rel}","templated":true}]}}